{"id":770,"date":"2025-09-11T14:31:34","date_gmt":"2025-09-11T12:31:34","guid":{"rendered":"https:\/\/wilczyszaniec.stronywwwpomorze.pl\/inne-uslugi\/"},"modified":"2025-11-28T21:52:05","modified_gmt":"2025-11-28T20:52:05","slug":"inne-uslugi","status":"publish","type":"page","link":"https:\/\/wilczyszaniec.stronywwwpomorze.pl\/en\/inne-uslugi\/","title":{"rendered":"inne-uslugi"},"content":{"rendered":"<section class=\"u-clearfix u-image u-shading u-section-2\" id=\"sec-cffa\" data-image-width=\"6000\" data-image-height=\"4000\" style=\"background-image: linear-gradient(0deg, rgba(0, 0, 0, 0.5), rgba(0, 0, 0, 0.5)), url(&quot;https:\/\/wilczyszaniec.stronywwwpomorze.pl\/wp-content\/uploads\/2025\/09\/WS173-min.jpg&quot;);\">\n      <div class=\"u-clearfix u-sheet u-sheet-1\">\n        <h1 class=\"u-align-center-md u-align-center-sm u-align-center-xs u-text u-text-default u-text-1\" data-animation-name=\"customAnimationIn\" data-animation-duration=\"1000\" data-animation-delay=\"0\" data-animation-out=\"0\">Other services<\/h1>\n      <\/div>\n    <\/section>\n    <section class=\"u-clearfix u-section-3\" id=\"sec-dcfb\">\n      <div class=\"u-clearfix u-sheet u-valign-middle u-sheet-1\">\n        <div class=\"data-layout-selected u-clearfix u-expanded-width u-layout-wrap u-layout-wrap-1\">\n          <div class=\"u-layout\">\n            <div class=\"u-layout-row\">\n              <div class=\"u-container-style u-layout-cell u-size-33 u-layout-cell-1\">\n                <div class=\"u-container-layout u-container-layout-1\">\n                  <img decoding=\"async\" class=\"u-image u-image-default u-image-1\" src=\"https:\/\/wilczyszaniec.stronywwwpomorze.pl\/wp-content\/uploads\/2025\/10\/WS_rest3-min-scaled.jpg\" alt=\"\" data-image-width=\"6000\" data-image-height=\"4000\" data-animation-name=\"customAnimationIn\" data-animation-duration=\"1000\" data-animation-delay=\"250\">\n                  <img decoding=\"async\" class=\"u-border-14 u-border-white u-expanded-width-xs u-image u-image-default u-image-2\" src=\"https:\/\/wilczyszaniec.stronywwwpomorze.pl\/wp-content\/uploads\/2025\/10\/WS_rest13-min-scaled.jpg\" alt=\"\" data-image-width=\"3936\" data-image-height=\"2624\" data-animation-name=\"customAnimationIn\" data-animation-duration=\"1000\" data-animation-delay=\"250\">\n                <\/div>\n              <\/div>\n              <div class=\"u-align-center-xs u-container-style u-layout-cell u-size-27 u-layout-cell-2\" data-animation-name=\"customAnimationIn\" data-animation-duration=\"1000\" data-animation-delay=\"250\">\n                <div class=\"u-container-layout u-valign-bottom-md u-container-layout-2\">\n                  <h2 class=\"u-text u-text-default u-text-1\"> Learn about our additional facilities<\/h2>\n                  <div class=\"u-align-center-xs u-border-1 u-border-grey-dark-1 u-line u-line-horizontal u-line-1\"><\/div>\n                  <h3 class=\"u-align-center-xs u-text u-text-default u-text-2\"> Catering, conferences and leisure space<\/h3>\n                  <p class=\"u-align-left-xs u-text u-text-default u-text-3\"> A number of additional services are available at the Wolf's Lair, allowing visitors to plan their time even better - both in terms of leisure and sightseeing comfort. The facility offers amenities such as a conference room, VIP room or observation deck, as well as food and beverage outlets run by third-party tenants. These are spaces designed to meet the various needs of guests - from business meetings, to moments of relaxation, to a delicious meal surrounded by nature and history.<\/p>\n                  <a href=\"https:\/\/wilczyszaniec.stronywwwpomorze.pl\/en\/kontakt\/\" class=\"u-border-1 u-border-palette-1-light-1 u-btn u-btn-round u-button-style u-palette-1-light-3 u-radius-3 u-text-palette-1-dark-2 u-btn-1\" title=\"contact\">Contact<span class=\"u-file-icon u-icon u-icon-1\"><img decoding=\"async\" src=\"https:\/\/wilczyszaniec.stronywwwpomorze.pl\/wp-content\/uploads\/2025\/09\/709586-46.png\" alt=\"\"><\/span>\n                  <\/a>\n                <\/div>\n              <\/div>\n            <\/div>\n          <\/div>\n        <\/div>\n      <\/div>\n    <\/section>\n    <section class=\"u-clearfix u-valign-middle-md u-valign-middle-xs u-section-4\" id=\"sec-c305\">\n      <div class=\"data-layout-selected u-clearfix u-expanded-width u-gutter-0 u-layout-wrap u-layout-wrap-1\">\n        <div class=\"u-layout\">\n          <div class=\"u-layout-row\">\n            <div class=\"u-container-align-center u-container-style u-image u-layout-cell u-size-30 u-image-1\" data-image-width=\"6000\" data-image-height=\"4000\" data-animation-name=\"customAnimationIn\" data-animation-duration=\"1000\" data-animation-delay=\"250\" style=\"background-image: url(&quot;https:\/\/wilczyszaniec.stronywwwpomorze.pl\/wp-content\/uploads\/2025\/10\/WS_konf10-min-scaled.jpg&quot;);\">\n              <div class=\"u-container-layout u-container-layout-1\"><\/div>\n            <\/div>\n            <div class=\"u-container-style u-grey-5 u-layout-cell u-size-30 u-layout-cell-2\" data-animation-name=\"customAnimationIn\" data-animation-duration=\"1000\" data-animation-delay=\"250\">\n              <div class=\"u-container-layout u-container-layout-2\">\n                <h2 class=\"u-align-center-xs u-text u-text-default-lg u-text-default-md u-text-default-sm u-text-default-xl u-text-1\">Conference room<\/h2>\n                <div class=\"u-align-center-xs u-border-1 u-border-grey-dark-1 u-line u-line-horizontal u-line-1\"><\/div>\n                <p class=\"u-text u-text-2\">\n                  <font>The Conference Room is located in a\nnewly added part to the historic building, which once\nhoused the offices and service rooms of the Third Reich Security Service\nSecurity Service of the Third Reich. The space has been adapted to meet\nmodern business needs, combining the unique atmosphere of the\nof the place with full working comfort.<\/font>\n                  <br>\n                  <br>The facility can accommodate <span style=\"font-weight: 700;\">up to 100 people<\/span>, and thanks to a system of mobile walls there is\npossibility to divide the space into two smaller rooms, each of which\nis intended for <span style=\"font-weight: 700;\">50 participants<\/span>.<br>\n                  <br>The hall(s) has been equipped with modern\nmultimedia equipment, including <span style=\"font-weight: 700;\">projectors,\nprojection screens and a large multimedia screen<\/span>, which allows for\nefficient organization of conferences, trainings, business meetings or presentations.<br>\n                  <br>An additional advantage is the possibility of preparing <span style=\"font-weight: 700;\">coffee buffet<\/span>, making the venue\neven more functional and friendly to meeting participants.<br>\n                <\/p>\n              <\/div>\n            <\/div>\n          <\/div>\n        <\/div>\n      <\/div>\n    <\/section>\n    <section class=\"u-clearfix u-valign-middle-lg u-valign-middle-md u-valign-middle-sm u-valign-middle-xs u-section-5\" id=\"sec-c266\">\n      <div class=\"data-layout-selected u-clearfix u-expanded-width u-gutter-0 u-layout-wrap u-layout-wrap-1\">\n        <div class=\"u-layout\">\n          <div class=\"u-layout-row\">\n            <div class=\"u-container-style u-layout-cell u-size-36 u-white u-layout-cell-1\" data-animation-name=\"customAnimationIn\" data-animation-duration=\"1000\" data-animation-delay=\"250\" data-target=\"_blank\">\n              <div class=\"u-container-layout u-container-layout-1\">\n                <h2 class=\"u-align-center-xs u-text u-text-default u-text-1\">VIP Room<\/h2>\n                <div class=\"u-align-center-xs u-border-1 u-border-grey-dark-1 u-line u-line-horizontal u-line-1\"><\/div>\n                <p class=\"u-align-left-xs u-align-right-lg u-align-right-md u-align-right-sm u-align-right-xl u-text u-text-2\"> VIP Room is a unique space created for intimate meetings\namong <span style=\"font-weight: 700;\">up to 10 people<\/span>. The room\nis equipped with <span style=\"font-weight: 700;\">large terrace window<\/span>,\nwhich provides natural light and a pleasant atmosphere conducive to discussions and\nwork.\nAt the disposal of guests <span style=\"font-weight: 700;\">comfortable table with chairs<\/span> and <span style=\"font-weight: 700;\">large TV<\/span>, allowing to conduct\npresentations or video conferences. It is an ideal place for business meetings,\nmeetings in a narrow circle or private conversations in a prestigious environment.<br>\n                <\/p>\n                <a href=\"https:\/\/wilczyszaniec.stronywwwpomorze.pl\/en\/kontakt\/\" class=\"u-align-center-xs u-border-1 u-border-palette-1-light-1 u-btn u-btn-round u-button-style u-hover-feature u-radius-3 u-text-palette-1-dark-2 u-palette-1-light-3 u-btn-1\" target=\"_blank\" title=\"contact\">Contact<span class=\"u-file-icon u-icon u-icon-1\"><img decoding=\"async\" src=\"https:\/\/wilczyszaniec.stronywwwpomorze.pl\/wp-content\/uploads\/2025\/09\/709586-55.png\" alt=\"\"><\/span>\n                <\/a>\n              <\/div>\n            <\/div>\n            <div class=\"u-container-align-center u-container-style u-image u-layout-cell u-size-24 u-image-1\" data-image-width=\"6000\" data-image-height=\"4000\" data-animation-name=\"customAnimationIn\" data-animation-duration=\"1000\" data-animation-delay=\"250\" style=\"background-image: url(&quot;https:\/\/wilczyszaniec.stronywwwpomorze.pl\/wp-content\/uploads\/2025\/10\/WS_viproom4-min-scaled.jpg&quot;);\">\n              <div class=\"u-container-layout u-container-layout-2\"><\/div>\n            <\/div>\n          <\/div>\n        <\/div>\n      <\/div>\n      \n    <\/section>\n    <section class=\"u-clearfix u-valign-middle-sm u-valign-middle-xs u-section-6\" id=\"sec-3259\">\n      <div class=\"data-layout-selected u-clearfix u-expanded-width u-gutter-0 u-layout-wrap u-layout-wrap-1\">\n        <div class=\"u-layout\">\n          <div class=\"u-layout-row\">\n            <div class=\"u-container-align-center u-container-style u-image u-layout-cell u-size-30 u-image-1\" data-image-width=\"6000\" data-image-height=\"4000\" data-animation-name=\"customAnimationIn\" data-animation-duration=\"1000\" data-animation-delay=\"250\" style=\"background-image: url(&quot;https:\/\/wilczyszaniec.stronywwwpomorze.pl\/wp-content\/uploads\/2025\/11\/WS111-min-scaled.jpg&quot;);\">\n              <div class=\"u-container-layout u-container-layout-1\"><\/div>\n            <\/div>\n            <div class=\"u-container-style u-grey-5 u-layout-cell u-size-30 u-layout-cell-2\" data-animation-name=\"customAnimationIn\" data-animation-duration=\"1000\" data-animation-delay=\"250\">\n              <div class=\"u-container-layout u-container-layout-2\">\n                <h2 class=\"u-align-center-xs u-text u-text-default u-text-1\">Hitler's shelter observation deck<\/h2>\n                <div class=\"u-align-center-xs u-border-1 u-border-grey-dark-1 u-line u-line-horizontal u-line-1\"><\/div>\n                <p class=\"u-text u-text-2\"> The former war quarters of Adolf\nHitler's Wolf's Lair, there is an observation deck within shelter No. 13 - a\na facility originally intended for Hitler himself.&nbsp;<br>\n                  <br>The platform allows\nlook from above at the heart of the complex and at the same time see the interior of this\nmassive bunker. The terrace is one of the Wolf's Lair's newest attractions,\nalong with the reconstructed consultation barracks and other preserved structures, such as the\nsuch as the G\u00f6ring shelter and the communications shelter.&nbsp;<br>\n                  <br>This is a unique place where\nhistory meets nature, offering a unique perspective on one of the\nWorld War II's most mysterious complexes.\n                <\/p>\n              <\/div>\n            <\/div>\n          <\/div>\n        <\/div>\n      <\/div>\n    <\/section>\n    <section class=\"u-clearfix u-valign-middle-lg u-valign-middle-md u-valign-middle-sm u-valign-middle-xs u-section-7\" id=\"sec-4fc7\">\n      <div class=\"data-layout-selected u-clearfix u-expanded-width u-gutter-0 u-layout-wrap u-layout-wrap-1\">\n        <div class=\"u-layout\">\n          <div class=\"u-layout-row\">\n            <div class=\"u-align-right-xs u-container-style u-layout-cell u-size-36 u-white u-layout-cell-1\" data-animation-name=\"customAnimationIn\" data-animation-duration=\"1000\" data-animation-delay=\"250\" data-target=\"_blank\">\n              <div class=\"u-container-layout u-container-layout-1\">\n                <h2 class=\"u-align-center-xs u-align-right-lg u-align-right-md u-align-right-sm u-text u-text-default u-text-1\">Camping Site<\/h2>\n                <div class=\"u-align-left-xs u-border-1 u-border-grey-dark-1 u-line u-line-horizontal u-line-1\"><\/div>\n                <h3 class=\"u-align-center-xs u-align-right-lg u-align-right-md u-align-right-sm u-align-right-xl u-text u-text-2\"> Camping in the heart of history - Wolf's Lair<\/h3>\n                <p class=\"u-align-left-xs u-align-right-lg u-align-right-md u-align-right-sm u-align-right-xl u-text u-text-3\"> Welcome to a unique place where nature\nmeets history! Our camping site is located on the grounds of\nof the legendary Wolf's Lair - Hitler's former headquarters, one of the\nWorld War II's most important facilities. This is an extraordinary opportunity to spend\nnight surrounded by monumental bunkers and Masurian forests.&nbsp;<br>\n                  <br><b>What do we offer our guests?<\/b>\n                  <br>\n                <\/p>\n                <ul class=\"u-align-left u-text u-text-4\">\n                  <li><b>Space\n     for campers<\/b> - Comfortable positions tailored to the needs of\n     those traveling with their own home on wheels. \n                  <\/li>\n                  <li><b>Comfortable\n     connections<\/b> - Access to electricity and water at each\n     position. \n                  <\/li>\n                  <li><b>Modern\n     sanitary facilities<\/b> - Clean bathrooms, showers and a place to\n     washing dishes. \n                  <\/li>\n                  <li><b>Unique\n     location<\/b> - Sleep in a place that has forever made\n     in the history of the world, and at the same time enjoy the peace and quiet of the\n     Masurian nature. \n                  <\/li>\n                <\/ul>\n                <p class=\"u-align-left-xs u-align-right-lg u-align-right-md u-align-right-sm u-align-right-xl u-text u-text-5\"><b>Important information:<\/b>\n                  <br>At the campground <b>there is no possibility of\npouring out dirty water or emptying chemical toilets<\/b> - please\nplan in advance to stop at service points available along the route.&nbsp;<br>\n                  <br><b>Feel the history, relax in nature, discover the\nMasuria from the perspective of your campervan!<\/b>\n                <\/p>\n              <\/div>\n            <\/div>\n            <div class=\"u-container-align-center u-container-style u-image u-layout-cell u-size-24 u-image-1\" data-image-width=\"6000\" data-image-height=\"4000\" data-animation-name=\"customAnimationIn\" data-animation-duration=\"1000\" data-animation-delay=\"250\" style=\"background-image: url(&quot;https:\/\/wilczyszaniec.stronywwwpomorze.pl\/wp-content\/uploads\/2025\/11\/WS15-min-scaled.jpg&quot;);\">\n              <div class=\"u-container-layout u-container-layout-2\"><\/div>\n            <\/div>\n          <\/div>\n        <\/div>\n      <\/div>\n    <\/section>\n    <section class=\"u-clearfix u-section-8\" id=\"sec-e60d\">\n      <div class=\"data-layout-selected u-clearfix u-expanded-width u-gutter-0 u-layout-wrap u-layout-wrap-1\">\n        <div class=\"u-layout\">\n          <div class=\"u-layout-row\">\n            <div class=\"u-container-align-center u-container-style u-image u-layout-cell u-size-28 u-image-1\" data-image-width=\"3936\" data-image-height=\"2624\" data-animation-name=\"customAnimationIn\" data-animation-duration=\"1000\" data-animation-delay=\"250\" style=\"background-image: url(&quot;https:\/\/wilczyszaniec.stronywwwpomorze.pl\/wp-content\/uploads\/2025\/10\/WS_rest9-min-scaled.jpg&quot;);\">\n              <div class=\"u-container-layout u-container-layout-1\"><\/div>\n            <\/div>\n            <div class=\"u-container-style u-grey-5 u-layout-cell u-size-32 u-layout-cell-2\" data-animation-name=\"customAnimationIn\" data-animation-duration=\"1000\" data-animation-delay=\"250\">\n              <div class=\"u-container-layout u-valign-top u-container-layout-2\">\n                <h2 class=\"u-align-center-xs u-text u-text-default u-text-1\"> Catering on the grounds of the Wolf's Lair<\/h2>\n                <div class=\"u-align-center-xs u-border-1 u-border-grey-dark-1 u-line u-line-horizontal u-line-1\"><\/div>\n                <p class=\"u-text u-text-2\"> On the territory of the Center for Education\nHistorical and Natural History \u201eWolf's Lair\u201d there are several points of\ngastronomy, which allow guests to regenerate and taste\ntraditional flavors.<br>\n                <\/p>\n                <ul class=\"u-text u-text-3\">\n                  <li><b>Restaurant\n     \u201eWolf's Den\u201d<\/b>\n                    <br> It is located in the former building of the Third Reich Security Service. It is\n     spacious and atmospheric place where the following are served <b>breakfasts,\n     lunches, drinks and coffee buffets<\/b>. The restaurant also offers <b>catering\n     for groups<\/b> As well as the possibility of organizing meals accompanying\n     conferences and special events. \n                  <\/li>\n                  <li><b style=\"font-size: 1rem;\"><\/b>\n                    <span style=\"font-size: 1rem; font-weight: 700;\">Caf\u00e9 at the Wolf's Lair<\/span>\n                    <br>A cozy place with a unique atmosphere where you can relax with a cup of aromatic coffee or tea. Homemade cakes, desserts and small snacks are also on offer. The caf\u00e9 is a perfect spot to relax for a while after visiting the Wolf's Lair, and its decor refers to the history of the place, creating a unique atmosphere.\n                  <\/li>\n                <\/ul>\n                <p class=\"u-text u-text-4\"> Thanks to a diverse gastronomic offer, every\nguest - whether an individual tourist or a conference group - will find a\nsomething for themselves.<\/p>\n              <\/div>\n            <\/div>\n          <\/div>\n        <\/div>\n      <\/div>\n    <\/section>","protected":false},"excerpt":{"rendered":"<p>Inne us\u0142ugi Poznaj nasze dodatkowe udogodnienia Gastronomia, konferencje i przestrze\u0144 do wypoczynku Na terenie Wilczego Sza\u0144ca dost\u0119pnych jest szereg dodatkowych us\u0142ug, kt\u00f3re pozwalaj\u0105 odwiedzaj\u0105cym jeszcze lepiej zaplanowa\u0107 sw\u00f3j czas \u2013 zar\u00f3wno pod k\u0105tem wypoczynku, jak i komfortu zwiedzania. Obiekt oferuje udogodnienia takie jak sala konferencyjna, VIP room czy taras widokowy, a tak\u017ce punkty gastronomiczne prowadzone &hellip; <a href=\"https:\/\/wilczyszaniec.stronywwwpomorze.pl\/en\/inne-uslugi\/\" class=\"more-link\">Continue reading<span class=\"screen-reader-text\"> &#8222;inne-uslugi&#8221;<\/span><\/a><\/p>","protected":false},"author":1,"featured_media":0,"parent":0,"menu_order":16,"comment_status":"closed","ping_status":"closed","template":"","meta":{"footnotes":""},"class_list":["post-770","page","type-page","status-publish","hentry"],"_links":{"self":[{"href":"https:\/\/wilczyszaniec.stronywwwpomorze.pl\/en\/wp-json\/wp\/v2\/pages\/770","targetHints":{"allow":["GET"]}}],"collection":[{"href":"https:\/\/wilczyszaniec.stronywwwpomorze.pl\/en\/wp-json\/wp\/v2\/pages"}],"about":[{"href":"https:\/\/wilczyszaniec.stronywwwpomorze.pl\/en\/wp-json\/wp\/v2\/types\/page"}],"author":[{"embeddable":true,"href":"https:\/\/wilczyszaniec.stronywwwpomorze.pl\/en\/wp-json\/wp\/v2\/users\/1"}],"replies":[{"embeddable":true,"href":"https:\/\/wilczyszaniec.stronywwwpomorze.pl\/en\/wp-json\/wp\/v2\/comments?post=770"}],"version-history":[{"count":10,"href":"https:\/\/wilczyszaniec.stronywwwpomorze.pl\/en\/wp-json\/wp\/v2\/pages\/770\/revisions"}],"predecessor-version":[{"id":950,"href":"https:\/\/wilczyszaniec.stronywwwpomorze.pl\/en\/wp-json\/wp\/v2\/pages\/770\/revisions\/950"}],"wp:attachment":[{"href":"https:\/\/wilczyszaniec.stronywwwpomorze.pl\/en\/wp-json\/wp\/v2\/media?parent=770"}],"curies":[{"name":"wp","href":"https:\/\/api.w.org\/{rel}","templated":true}]}}