{"id":764,"date":"2025-09-11T14:31:28","date_gmt":"2025-09-11T12:31:28","guid":{"rendered":"https:\/\/wilczyszaniec.stronywwwpomorze.pl\/regulaminy\/"},"modified":"2025-11-05T00:11:14","modified_gmt":"2025-11-04T23:11:14","slug":"regulaminy","status":"publish","type":"page","link":"https:\/\/wilczyszaniec.stronywwwpomorze.pl\/en\/regulaminy\/","title":{"rendered":"regulations"},"content":{"rendered":"<section class=\"u-clearfix u-image u-shading u-section-2\" id=\"sec-1cde\" data-image-width=\"3936\" data-image-height=\"2624\" style=\"background-image: linear-gradient(0deg, rgba(0, 0, 0, 0.5), rgba(0, 0, 0, 0.5)), url(&quot;https:\/\/wilczyszaniec.stronywwwpomorze.pl\/wp-content\/uploads\/2025\/09\/WS83-min.jpg&quot;);\">\n      <div class=\"u-clearfix u-sheet u-sheet-1\">\n        <h1 class=\"u-align-center-md u-align-center-sm u-align-center-xs u-text u-text-default u-text-1\" data-animation-name=\"customAnimationIn\" data-animation-duration=\"1000\" data-animation-delay=\"0\" data-animation-out=\"0\">Regulations<\/h1>\n      <\/div>\n    <\/section>\n    <section class=\"u-clearfix u-section-3\" id=\"sec-463a\">\n      <div class=\"u-clearfix u-sheet u-valign-middle u-sheet-1\">\n        <h2 class=\"u-text u-text-default u-text-1\" data-animation-name=\"customAnimationIn\" data-animation-duration=\"1000\" data-animation-delay=\"0\" data-animation-out=\"0\">Materials to download:<\/h2>\n        <p class=\"u-text u-text-black u-text-default u-text-2\">\n          <a class=\"u-active-none u-border-none u-btn u-button-link u-button-style u-file-link u-hover-feature u-hover-none u-text-active-palette-1-light-1 u-text-black u-text-hover-palette-1-base u-none u-btn-1\" href=\"https:\/\/wilczyszaniec.stronywwwpomorze.pl\/wp-content\/uploads\/2025\/11\/RegulaminzwiedzaniaiprzebywanianaterenieOrodkaEdukacjiHistoryczno.pdf\" target=\"_blank\">\n            <span class=\"u-file-icon u-icon\"><img decoding=\"async\" src=\"https:\/\/wilczyszaniec.stronywwwpomorze.pl\/wp-content\/uploads\/2025\/11\/3997635.png\" alt=\"\"><\/span>&nbsp;Regulations for visiting and staying on the premises of the Historical Education Centre (PDF, 102kB)\n          <\/a>\n        <\/p>\n        <p class=\"u-text u-text-black u-text-default u-text-3\">\n          <a class=\"u-active-none u-border-none u-btn u-button-link u-button-style u-file-link u-hover-feature u-hover-none u-text-active-palette-1-light-1 u-text-black u-text-hover-palette-1-base u-none u-btn-2\" href=\"https:\/\/wilczyszaniec.stronywwwpomorze.pl\/wp-content\/uploads\/2025\/11\/Regulaminfunkcjonowaniaparkingu.pdf\" target=\"_blank\">\n            <span class=\"u-file-icon u-icon\"><img decoding=\"async\" src=\"https:\/\/wilczyszaniec.stronywwwpomorze.pl\/wp-content\/uploads\/2025\/11\/3997635.png\" alt=\"\"><\/span>&nbsp;Parking regulations (PDF, 94kB)\n          <\/a>\n        <\/p>\n        <p class=\"u-text u-text-black u-text-default u-text-4\">\n          <a class=\"u-active-none u-border-none u-btn u-button-link u-button-style u-file-link u-hover-feature u-hover-none u-text-active-palette-1-light-1 u-text-black u-text-hover-palette-1-base u-none u-btn-3\" href=\"https:\/\/wilczyszaniec.stronywwwpomorze.pl\/wp-content\/uploads\/2025\/11\/RegulaminkorzystaniazdomunoclegowegonaterenieOrodkaHistorycznoPrzyrodniczegoWilczySzaniecNadlenictwaSrokowowGieroy.pdf\" target=\"_blank\">\n            <span class=\"u-file-icon u-icon\"><img decoding=\"async\" src=\"https:\/\/wilczyszaniec.stronywwwpomorze.pl\/wp-content\/uploads\/2025\/11\/3997635.png\" alt=\"\"><\/span>&nbsp;Regulations for the use of the hostel on the premises of the Historical and Natural Centre \"Wilczy Szaniec\" of the Srokowo Forest District in Gier\u0142o\u017c (PDF, 61kB)\n          <\/a>\n        <\/p>\n        <p class=\"u-text u-text-black u-text-default u-text-5\">\n          <a class=\"u-active-none u-border-none u-btn u-button-link u-button-style u-file-link u-hover-feature u-hover-none u-text-active-palette-1-light-1 u-text-black u-text-hover-palette-1-base u-none u-btn-4\" href=\"https:\/\/wilczyszaniec.stronywwwpomorze.pl\/wp-content\/uploads\/2025\/11\/RegulaminpolakempingowegonaterenieOrodkaEdukacji.pdf\" target=\"_blank\">\n            <span class=\"u-file-icon u-icon\"><img decoding=\"async\" src=\"https:\/\/wilczyszaniec.stronywwwpomorze.pl\/wp-content\/uploads\/2025\/11\/3997635.png\" alt=\"\"><\/span>&nbsp;Camping site regulations at the Education Center (PDF, 98kB)\n          <\/a>\n        <\/p>\n        <p class=\"u-text u-text-black u-text-default u-text-6\">\n          <a class=\"u-active-none u-border-none u-btn u-button-link u-button-style u-file-link u-hover-feature u-hover-none u-text-active-palette-1-light-1 u-text-black u-text-hover-palette-1-base u-none u-btn-5\" href=\"https:\/\/wilczyszaniec.stronywwwpomorze.pl\/wp-content\/uploads\/2025\/11\/Regulaminpunktuedukacyjnego.pdf\" target=\"_blank\">\n            <span class=\"u-file-icon u-icon\"><img decoding=\"async\" src=\"https:\/\/wilczyszaniec.stronywwwpomorze.pl\/wp-content\/uploads\/2025\/11\/3997635.png\" alt=\"\"><\/span>&nbsp;Educational point regulations (PDF, 64kB)\n          <\/a>\n        <\/p>\n      <\/div>\n      \n      \n      \n      \n      \n    <\/section>","protected":false},"excerpt":{"rendered":"<p>Regulaminy Materia\u0142y do pobrania: &nbsp;Regulamin zwiedzania i przebywania na terenie O\u015brodka Edukacji Historyczno (PDF, 102kB) &nbsp;Regulamin funkcjonowania parkingu (PDF, 94kB) &nbsp;Regulamin korzystania z domu noclegowego na terenie O\u015brodka Historyczno \u2013 Przyrodniczego \u201eWilczy Szaniec\u201d Nadle\u015bnictwa Srokowo w Gier\u0142o\u017cy (PDF, 61kB) &nbsp;Regulamin pola kempingowego na terenie O\u015brodka Edukacji (PDF, 98kB) &nbsp;Regulamin punktu edukacyjnego (PDF, 64kB)<\/p>","protected":false},"author":1,"featured_media":0,"parent":0,"menu_order":10,"comment_status":"closed","ping_status":"closed","template":"","meta":{"footnotes":""},"class_list":["post-764","page","type-page","status-publish","hentry"],"_links":{"self":[{"href":"https:\/\/wilczyszaniec.stronywwwpomorze.pl\/en\/wp-json\/wp\/v2\/pages\/764","targetHints":{"allow":["GET"]}}],"collection":[{"href":"https:\/\/wilczyszaniec.stronywwwpomorze.pl\/en\/wp-json\/wp\/v2\/pages"}],"about":[{"href":"https:\/\/wilczyszaniec.stronywwwpomorze.pl\/en\/wp-json\/wp\/v2\/types\/page"}],"author":[{"embeddable":true,"href":"https:\/\/wilczyszaniec.stronywwwpomorze.pl\/en\/wp-json\/wp\/v2\/users\/1"}],"replies":[{"embeddable":true,"href":"https:\/\/wilczyszaniec.stronywwwpomorze.pl\/en\/wp-json\/wp\/v2\/comments?post=764"}],"version-history":[{"count":3,"href":"https:\/\/wilczyszaniec.stronywwwpomorze.pl\/en\/wp-json\/wp\/v2\/pages\/764\/revisions"}],"predecessor-version":[{"id":861,"href":"https:\/\/wilczyszaniec.stronywwwpomorze.pl\/en\/wp-json\/wp\/v2\/pages\/764\/revisions\/861"}],"wp:attachment":[{"href":"https:\/\/wilczyszaniec.stronywwwpomorze.pl\/en\/wp-json\/wp\/v2\/media?parent=764"}],"curies":[{"name":"wp","href":"https:\/\/api.w.org\/{rel}","templated":true}]}}