{"id":762,"date":"2025-09-11T14:31:26","date_gmt":"2025-09-11T12:31:26","guid":{"rendered":"https:\/\/wilczyszaniec.stronywwwpomorze.pl\/o-nas\/"},"modified":"2025-11-07T15:48:53","modified_gmt":"2025-11-07T14:48:53","slug":"o-nas","status":"publish","type":"page","link":"https:\/\/wilczyszaniec.stronywwwpomorze.pl\/en\/o-nas\/","title":{"rendered":"o-nas"},"content":{"rendered":"<section class=\"u-clearfix u-section-2\" id=\"sec-fc89\" data-image-width=\"3936\" data-image-height=\"2624\">\n      <div class=\"u-clearfix u-sheet u-sheet-1\">\n        <h1 class=\"u-align-center-md u-align-center-sm u-align-center-xs u-text u-text-default u-text-1\" data-animation-name=\"customAnimationIn\" data-animation-duration=\"1000\" data-animation-delay=\"0\" data-animation-out=\"0\">About us<\/h1>\n      <\/div>\n    <\/section>\n    <section class=\"u-clearfix u-section-3\" id=\"sec-daaa\">\n      <div class=\"u-clearfix u-sheet u-sheet-1\">\n        <div class=\"data-layout-selected u-clearfix u-expanded-width-xl u-expanded-width-xs u-gutter-0 u-layout-wrap u-layout-wrap-1\">\n          <div class=\"u-layout\" style=\"\">\n            <div class=\"u-layout-row\" style=\"\">\n              <div class=\"u-align-left u-container-align-left u-container-style u-layout-cell u-left-cell u-size-30-xl u-size-60-lg u-size-60-md u-size-60-sm u-size-60-xs u-size-xs-60 u-white u-layout-cell-1\" src=\"\" data-animation-name=\"customAnimationIn\" data-animation-duration=\"1000\">\n                <div class=\"u-container-layout u-valign-top u-container-layout-1\">\n                  <h2 class=\"u-text u-text-1\" data-animation-name=\"customAnimationIn\" data-animation-duration=\"1000\" data-animation-delay=\"0\"> Welcome\u00a0to the\u00a0Wolf's\u00a0Lair\u00a0Historical\u00a0and Natural\u00a0Education\u00a0Center!\u00a0<\/h2>\n                  <p class=\"u-text u-text-2\">Welcome to the Wolf's Lair Historical and Natural Education Center! This is one of the most important historical sites in Poland, once Adolf Hitler's headquarters during World War II. It is a space where history meets reflection and remembrance, and visitors can discover the unique remains of wartime fortifications. <br>\n                    <br>In 2017, the facility was acquired from its previous tenant by the Srokowo Forest District. Since then, Wolf's Lair has undergone numerous investments, providing visitors with improved infrastructure and comfort. Walking paths have been modernized, the accommodation facility has been renovated, and a tourist office and facilities for people with disabilities have been established. <br>\n                    <br>To ensure the safety and comfort of guests, qualified medical staff also work on the premises. Today, Wolf's Lair is not only a place of historical remembrance but also a space conducive to education, tourism, and recreation. \n                  <\/p>\n                  <a href=\"https:\/\/wilczyszaniec.stronywwwpomorze.pl\/en\/zwiedzanie\/\" class=\"u-border-2 u-border-hover-palette-1-base u-border-palette-1-base u-btn u-button-style u-hover-feature u-hover-palette-1-base u-none u-btn-1\" title=\"rezerwacja-wilczy-szaniec\">Read more <\/a>\n                <\/div>\n              <\/div>\n              <div class=\"u-align-center u-container-align-center u-container-style u-layout-cell u-right-cell u-shape-rectangle u-size-30-xl u-size-60-lg u-size-60-md u-size-60-sm u-size-60-xs u-size-xs-60 u-layout-cell-2\" src=\"\" data-animation-name=\"customAnimationIn\" data-animation-duration=\"1000\">\n                <div class=\"u-container-layout u-valign-bottom-lg u-valign-top-md u-valign-top-sm u-valign-top-xs u-container-layout-2\" src=\"\">\n                  <div class=\"u-carousel u-expanded-width u-gallery u-gallery-slider u-layout-carousel u-lightbox u-no-transition u-show-text-on-hover u-gallery-1\" data-interval=\"5000\" data-u-ride=\"carousel\" id=\"carousel-f05a\">\n                    <ol class=\"u-absolute-hcenter u-carousel-indicators u-carousel-indicators-1\">\n                      <li data-u-target=\"#carousel-f05a\" data-u-slide-to=\"0\" class=\"u-active u-grey-70 u-shape-circle\" style=\"width: 10px; height: 10px;\"><\/li>\n                      <li data-u-target=\"#carousel-f05a\" data-u-slide-to=\"1\" class=\"u-grey-70 u-shape-circle\" style=\"width: 10px; height: 10px;\"><\/li>\n                      <li data-u-target=\"#carousel-f05a\" data-u-slide-to=\"2\" class=\"u-grey-70 u-shape-circle\" style=\"width: 10px; height: 10px;\"><\/li>\n                      <li data-u-target=\"#carousel-f05a\" data-u-slide-to=\"3\" class=\"u-grey-70 u-shape-circle\" style=\"width: 10px; height: 10px;\"><\/li>\n                      <li data-u-target=\"#carousel-f05a\" data-u-slide-to=\"4\" class=\"u-grey-70 u-shape-circle\" style=\"width: 10px; height: 10px;\"><\/li>\n                      <li data-u-target=\"#carousel-f05a\" data-u-slide-to=\"5\" class=\"u-grey-70 u-shape-circle\" style=\"width: 10px; height: 10px;\"><\/li>\n                      <li data-u-target=\"#carousel-f05a\" data-u-slide-to=\"6\" class=\"u-grey-70 u-shape-circle\" style=\"width: 10px; height: 10px;\"><\/li>\n                    <\/ol>\n                    <div class=\"u-carousel-inner u-gallery-inner\" role=\"listbox\">\n                      <div class=\"u-active u-carousel-item u-effect-fade u-gallery-item u-carousel-item-1\" data-image-width=\"1868\" data-image-height=\"1401\">\n                        <div class=\"u-back-slide\" data-image-width=\"3379\" data-image-height=\"2547\">\n                          <img decoding=\"async\" class=\"u-back-image u-expanded\" src=\"https:\/\/wilczyszaniec.stronywwwpomorze.pl\/wp-content\/uploads\/2025\/09\/WS_DRO6-min.jpg\">\n                        <\/div>\n                        <div class=\"u-align-center u-over-slide u-shading u-valign-bottom u-over-slide-1\"><\/div>\n                        <style data-mode=\"XL\" data-visited=\"true\"><\/style>\n                        <style data-mode=\"LG\" data-visited=\"true\"><\/style>\n                        <style data-mode=\"MD\" data-visited=\"true\"><\/style>\n                        <style data-mode=\"SM\" data-visited=\"true\"><\/style>\n                        <style data-mode=\"XS\" data-visited=\"true\"><\/style>\n                      <\/div>\n                      <div class=\"u-carousel-item u-effect-fade u-gallery-item u-carousel-item-2\" data-image-width=\"3936\" data-image-height=\"2624\">\n                        <div class=\"u-back-slide\" data-image-width=\"4000\" data-image-height=\"2250\">\n                          <img decoding=\"async\" class=\"u-back-image u-expanded u-back-image-2\" src=\"https:\/\/wilczyszaniec.stronywwwpomorze.pl\/wp-content\/uploads\/2025\/09\/WS_DRO45-min.jpg\">\n                        <\/div>\n                        <div class=\"u-align-center u-over-slide u-shading u-valign-bottom u-over-slide-2\"><\/div>\n                        <style data-mode=\"XL\" data-visited=\"true\"><\/style>\n                        <style data-mode=\"LG\" data-visited=\"true\"><\/style>\n                        <style data-mode=\"MD\" data-visited=\"true\"><\/style>\n                        <style data-mode=\"SM\" data-visited=\"true\"><\/style>\n                        <style data-mode=\"XS\" data-visited=\"true\"><\/style>\n                      <\/div>\n                      <div class=\"u-carousel-item u-effect-fade u-gallery-item u-carousel-item-3\">\n                        <div class=\"u-back-slide\" data-image-width=\"4000\" data-image-height=\"2250\">\n                          <img decoding=\"async\" class=\"u-back-image u-expanded u-back-image-3\" src=\"https:\/\/wilczyszaniec.stronywwwpomorze.pl\/wp-content\/uploads\/2025\/09\/WS_DRO19-min.jpg\">\n                        <\/div>\n                        <div class=\"u-align-center u-over-slide u-shading u-valign-bottom u-over-slide-3\"><\/div>\n                      <\/div>\n                      <div class=\"u-carousel-item u-effect-fade u-gallery-item u-carousel-item-4\">\n                        <div class=\"u-back-slide\" data-image-width=\"3936\" data-image-height=\"2624\">\n                          <img decoding=\"async\" class=\"u-back-image u-expanded\" src=\"https:\/\/wilczyszaniec.stronywwwpomorze.pl\/wp-content\/uploads\/2025\/09\/WS215-min.jpg\">\n                        <\/div>\n                        <div class=\"u-align-center u-over-slide u-shading u-valign-bottom u-over-slide-4\"><\/div>\n                      <\/div>\n                      <div class=\"u-carousel-item u-effect-fade u-gallery-item u-carousel-item-5\" data-image-width=\"1000\" data-image-height=\"750\">\n                        <div class=\"u-back-slide\" data-image-width=\"6000\" data-image-height=\"4000\">\n                          <img decoding=\"async\" class=\"u-back-image u-expanded\" src=\"https:\/\/wilczyszaniec.stronywwwpomorze.pl\/wp-content\/uploads\/2025\/09\/WS164-min.jpg\">\n                        <\/div>\n                        <div class=\"u-align-center u-over-slide u-shading u-valign-bottom u-over-slide-5\"><\/div>\n                        <style data-mode=\"XL\" data-visited=\"true\"><\/style>\n                        <style data-mode=\"LG\" data-visited=\"true\"><\/style>\n                        <style data-mode=\"MD\" data-visited=\"true\"><\/style>\n                        <style data-mode=\"SM\" data-visited=\"true\"><\/style>\n                        <style data-mode=\"XS\" data-visited=\"true\"><\/style>\n                      <\/div>\n                      <div class=\"u-carousel-item u-effect-fade u-gallery-item u-carousel-item-6\" data-image-width=\"6000\" data-image-height=\"4000\">\n                        <div class=\"u-back-slide\" data-image-width=\"5883\" data-image-height=\"3922\">\n                          <img decoding=\"async\" class=\"u-back-image u-expanded\" src=\"https:\/\/wilczyszaniec.stronywwwpomorze.pl\/wp-content\/uploads\/2025\/09\/WS176-min.jpg\">\n                        <\/div>\n                        <div class=\"u-align-center u-over-slide u-shading u-valign-bottom u-over-slide-6\"><\/div>\n                        <style data-mode=\"XL\" data-visited=\"true\"><\/style>\n                        <style data-mode=\"LG\" data-visited=\"true\"><\/style>\n                        <style data-mode=\"MD\" data-visited=\"true\"><\/style>\n                        <style data-mode=\"SM\" data-visited=\"true\"><\/style>\n                        <style data-mode=\"XS\" data-visited=\"true\"><\/style>\n                      <\/div>\n                      <div class=\"u-carousel-item u-effect-fade u-gallery-item u-carousel-item-7\" data-image-width=\"6000\" data-image-height=\"4000\">\n                        <div class=\"u-back-slide\" data-image-width=\"6000\" data-image-height=\"4000\">\n                          <img decoding=\"async\" class=\"u-back-image u-expanded\" src=\"https:\/\/wilczyszaniec.stronywwwpomorze.pl\/wp-content\/uploads\/2025\/09\/WS185-min.jpg\">\n                        <\/div>\n                        <div class=\"u-align-center u-over-slide u-shading u-valign-bottom u-over-slide-7\"><\/div>\n                        <style data-mode=\"XL\" data-visited=\"true\"><\/style>\n                        <style data-mode=\"LG\" data-visited=\"true\"><\/style>\n                        <style data-mode=\"MD\" data-visited=\"true\"><\/style>\n                        <style data-mode=\"SM\" data-visited=\"true\"><\/style>\n                        <style data-mode=\"XS\" data-visited=\"true\"><\/style>\n                      <\/div>\n                    <\/div>\n                    <a class=\"u-absolute-vcenter u-carousel-control u-carousel-control-prev u-hover-palette-1-dark-2 u-icon-rounded u-opacity u-opacity-70 u-palette-1-base u-spacing-10 u-text-white u-carousel-control-1\" href=\"#carousel-f05a\" role=\"button\" data-u-slide=\"prev\">\n                      <span aria-hidden=\"true\">\n                        <svg viewbox=\"0 0 451.847 451.847\"><path d=\"M97.141,225.92c0-8.095,3.091-16.192,9.259-22.366L300.689,9.27c12.359-12.359,32.397-12.359,44.751,0c12.354,12.354,12.354,32.388,0,44.748L173.525,225.92l171.903,171.909c12.354,12.354,12.354,32.391,0,44.744c-12.354,12.365-32.386,12.365-44.745,0l-194.29-194.281C100.226,242.115,97.141,234.018,97.141,225.92z\"><\/path><\/svg>\n                      <\/span>\n                      <span class=\"sr-only\">\n                        <svg viewbox=\"0 0 451.847 451.847\"><path d=\"M97.141,225.92c0-8.095,3.091-16.192,9.259-22.366L300.689,9.27c12.359-12.359,32.397-12.359,44.751,0c12.354,12.354,12.354,32.388,0,44.748L173.525,225.92l171.903,171.909c12.354,12.354,12.354,32.391,0,44.744c-12.354,12.365-32.386,12.365-44.745,0l-194.29-194.281C100.226,242.115,97.141,234.018,97.141,225.92z\"><\/path><\/svg>\n                      <\/span>\n                    <\/a>\n                    <a class=\"u-absolute-vcenter u-carousel-control u-carousel-control-next u-hover-palette-1-dark-2 u-icon-rounded u-opacity u-opacity-70 u-palette-1-base u-spacing-10 u-text-white u-carousel-control-2\" href=\"#carousel-f05a\" role=\"button\" data-u-slide=\"next\">\n                      <span aria-hidden=\"true\">\n                        <svg viewbox=\"0 0 451.846 451.847\"><path d=\"M345.441,248.292L151.154,442.573c-12.359,12.365-32.397,12.365-44.75,0c-12.354-12.354-12.354-32.391,0-44.744L278.318,225.92L106.409,54.017c-12.354-12.359-12.354-32.394,0-44.748c12.354-12.359,32.391-12.359,44.75,0l194.287,194.284c6.177,6.18,9.262,14.271,9.262,22.366C354.708,234.018,351.617,242.115,345.441,248.292z\"><\/path><\/svg>\n                      <\/span>\n                      <span class=\"sr-only\">\n                        <svg viewbox=\"0 0 451.846 451.847\"><path d=\"M345.441,248.292L151.154,442.573c-12.359,12.365-32.397,12.365-44.75,0c-12.354-12.354-12.354-32.391,0-44.744L278.318,225.92L106.409,54.017c-12.354-12.359-12.354-32.394,0-44.748c12.354-12.359,32.391-12.359,44.75,0l194.287,194.284c6.177,6.18,9.262,14.271,9.262,22.366C354.708,234.018,351.617,242.115,345.441,248.292z\"><\/path><\/svg>\n                      <\/span>\n                    <\/a>\n                  <\/div>\n                <\/div>\n              <\/div>\n            <\/div>\n          <\/div>\n        <\/div>\n      <\/div>\n      \n    <\/section>","protected":false},"excerpt":{"rendered":"<p>O nas Witamy w O\u015brodku Edukacji Historyczno-Przyrodniczej Wilczy Szaniec! To jedno z najwa\u017cniejszych historycznych miejsc w Polsce, b\u0119d\u0105ce niegdy\u015b g\u0142\u00f3wn\u0105 kwater\u0105 Adolfa Hitlera w czasie II wojny \u015bwiatowej. To przestrze\u0144, w kt\u00f3rej historia spotyka si\u0119 z refleksj\u0105 i pami\u0119ci\u0105, a zwiedzaj\u0105cy mog\u0105 odkrywa\u0107 unikalne pozosta\u0142o\u015bci wojennych fortyfikacji. W 2017 roku obiekt zosta\u0142 przej\u0119ty od wcze\u015bniejszego &hellip; <a href=\"https:\/\/wilczyszaniec.stronywwwpomorze.pl\/en\/o-nas\/\" class=\"more-link\">Continue reading<span class=\"screen-reader-text\"> &#8222;o-nas&#8221;<\/span><\/a><\/p>","protected":false},"author":1,"featured_media":0,"parent":0,"menu_order":8,"comment_status":"closed","ping_status":"closed","template":"","meta":{"footnotes":""},"class_list":["post-762","page","type-page","status-publish","hentry"],"_links":{"self":[{"href":"https:\/\/wilczyszaniec.stronywwwpomorze.pl\/en\/wp-json\/wp\/v2\/pages\/762","targetHints":{"allow":["GET"]}}],"collection":[{"href":"https:\/\/wilczyszaniec.stronywwwpomorze.pl\/en\/wp-json\/wp\/v2\/pages"}],"about":[{"href":"https:\/\/wilczyszaniec.stronywwwpomorze.pl\/en\/wp-json\/wp\/v2\/types\/page"}],"author":[{"embeddable":true,"href":"https:\/\/wilczyszaniec.stronywwwpomorze.pl\/en\/wp-json\/wp\/v2\/users\/1"}],"replies":[{"embeddable":true,"href":"https:\/\/wilczyszaniec.stronywwwpomorze.pl\/en\/wp-json\/wp\/v2\/comments?post=762"}],"version-history":[{"count":3,"href":"https:\/\/wilczyszaniec.stronywwwpomorze.pl\/en\/wp-json\/wp\/v2\/pages\/762\/revisions"}],"predecessor-version":[{"id":943,"href":"https:\/\/wilczyszaniec.stronywwwpomorze.pl\/en\/wp-json\/wp\/v2\/pages\/762\/revisions\/943"}],"wp:attachment":[{"href":"https:\/\/wilczyszaniec.stronywwwpomorze.pl\/en\/wp-json\/wp\/v2\/media?parent=762"}],"curies":[{"name":"wp","href":"https:\/\/api.w.org\/{rel}","templated":true}]}}