{"id":761,"date":"2025-09-11T14:31:25","date_gmt":"2025-09-11T12:31:25","guid":{"rendered":"https:\/\/wilczyszaniec.stronywwwpomorze.pl\/ochrona-maloletnich\/"},"modified":"2025-11-05T00:45:35","modified_gmt":"2025-11-04T23:45:35","slug":"ochrona-maloletnich","status":"publish","type":"page","link":"https:\/\/wilczyszaniec.stronywwwpomorze.pl\/en\/ochrona-maloletnich\/","title":{"rendered":"security-mallets"},"content":{"rendered":"<section class=\"u-clearfix u-image u-shading u-section-2\" id=\"sec-1cde\" data-image-width=\"3936\" data-image-height=\"2624\" style=\"background-image: linear-gradient(0deg, rgba(0, 0, 0, 0.5), rgba(0, 0, 0, 0.5)), url(&quot;https:\/\/wilczyszaniec.stronywwwpomorze.pl\/wp-content\/uploads\/2025\/09\/WS83-min.jpg&quot;);\">\n      <div class=\"u-clearfix u-sheet u-sheet-1\">\n        <h1 class=\"u-align-center u-text u-text-default u-text-1\" data-animation-name=\"customAnimationIn\" data-animation-duration=\"1000\" data-animation-delay=\"0\" data-animation-out=\"0\">Protection of minors<\/h1>\n      <\/div>\n    <\/section>\n    <section class=\"u-clearfix u-section-3\" id=\"block-1\">\n      <div class=\"u-clearfix u-sheet u-sheet-1\">\n        <h2 class=\"u-custom-font u-text u-text-default u-text-font u-text-1\"> The persons appointed to intervene in situations of suspected abuse of minors in the Srokowo Forest District are:<\/h2>\n      <\/div>\n    <\/section>\n    <section class=\"u-clearfix u-section-4\" id=\"block-2\">\n      <div class=\"u-clearfix u-sheet u-sheet-1\">\n        <h3 class=\"u-custom-font u-text u-text-default u-text-font u-text-1\"> Irena Dziado\u0144<\/h3>\n        <a href=\"tel:+48897534043\" class=\"u-active-none u-bottom-left-radius-0 u-bottom-right-radius-0 u-btn u-btn-rectangle u-button-style u-hover-none u-none u-radius-0 u-text-hover-palette-1-base u-top-left-radius-0 u-top-right-radius-0 u-btn-1\">\n          <span class=\"u-icon\"><\/span>\n          <span class=\"u-file-icon u-icon u-icon-2\"><img decoding=\"async\" src=\"https:\/\/wilczyszaniec.stronywwwpomorze.pl\/wp-content\/uploads\/2025\/09\/126509.png\" alt=\"\"><\/span>+48 89 753 40 43 \n        <\/a>\n        <a href=\"mailto:irena.dziadon@olsztyn.lasy.gov.pl?subject=Kontakt%20Wilczy%20Szaniec\" class=\"u-active-none u-bottom-left-radius-0 u-bottom-right-radius-0 u-btn u-btn-rectangle u-button-style u-hover-none u-none u-radius-0 u-text-hover-palette-1-base u-top-left-radius-0 u-top-right-radius-0 u-btn-2\"> &nbsp;<span class=\"u-file-icon u-icon u-icon-3\"><img decoding=\"async\" src=\"https:\/\/wilczyszaniec.stronywwwpomorze.pl\/wp-content\/uploads\/2025\/09\/546394.png\" alt=\"\"><\/span>irena.dziadon@olsztyn.lasy.gov.pl \n        <\/a>\n        <h3 class=\"u-custom-font u-text u-text-font u-text-2\"> Wojciech Kozio\u0142<\/h3>\n        <a href=\"tel:+48897410031\" class=\"u-active-none u-bottom-left-radius-0 u-bottom-right-radius-0 u-btn u-btn-rectangle u-button-style u-hover-none u-none u-radius-0 u-text-hover-palette-1-base u-top-left-radius-0 u-top-right-radius-0 u-btn-3\">\n          <span class=\"u-icon\"><\/span>\n          <span class=\"u-file-icon u-icon u-icon-5\"><img decoding=\"async\" src=\"https:\/\/wilczyszaniec.stronywwwpomorze.pl\/wp-content\/uploads\/2025\/09\/126509.png\" alt=\"\"><\/span>+48 89 741 00 31 \n        <\/a>\n        <a href=\"mailto:wojciech.koziol@olsztyn.lasy.gov.pl?subject=Kontakt%20Wilczy%20Szaniec\" class=\"u-active-none u-bottom-left-radius-0 u-bottom-right-radius-0 u-btn u-btn-rectangle u-button-style u-hover-none u-none u-radius-0 u-text-hover-palette-1-base u-top-left-radius-0 u-top-right-radius-0 u-btn-4\"> &nbsp;<span class=\"u-file-icon u-icon u-icon-6\"><img decoding=\"async\" src=\"https:\/\/wilczyszaniec.stronywwwpomorze.pl\/wp-content\/uploads\/2025\/09\/546394.png\" alt=\"\"><\/span>wojciech.koziol@olsztyn.lasy.gov.pl \n        <\/a>\n      <\/div>\n    <\/section>","protected":false},"excerpt":{"rendered":"<p>Ochrona ma\u0142oletnich Osobami wyznaczonymi do interwencji w sytuacjach podejrzenia krzywdzenia ma\u0142oletnich w Nadle\u015bnictwie Srokowo s\u0105: Irena Dziado\u0144 +48 89 753 40 43 &nbsp;irena.dziadon@olsztyn.lasy.gov.pl Wojciech Kozio\u0142 +48 89 741 00 31 &nbsp;wojciech.koziol@olsztyn.lasy.gov.pl<\/p>","protected":false},"author":1,"featured_media":0,"parent":0,"menu_order":7,"comment_status":"closed","ping_status":"closed","template":"","meta":{"footnotes":""},"class_list":["post-761","page","type-page","status-publish","hentry"],"_links":{"self":[{"href":"https:\/\/wilczyszaniec.stronywwwpomorze.pl\/en\/wp-json\/wp\/v2\/pages\/761","targetHints":{"allow":["GET"]}}],"collection":[{"href":"https:\/\/wilczyszaniec.stronywwwpomorze.pl\/en\/wp-json\/wp\/v2\/pages"}],"about":[{"href":"https:\/\/wilczyszaniec.stronywwwpomorze.pl\/en\/wp-json\/wp\/v2\/types\/page"}],"author":[{"embeddable":true,"href":"https:\/\/wilczyszaniec.stronywwwpomorze.pl\/en\/wp-json\/wp\/v2\/users\/1"}],"replies":[{"embeddable":true,"href":"https:\/\/wilczyszaniec.stronywwwpomorze.pl\/en\/wp-json\/wp\/v2\/comments?post=761"}],"version-history":[{"count":3,"href":"https:\/\/wilczyszaniec.stronywwwpomorze.pl\/en\/wp-json\/wp\/v2\/pages\/761\/revisions"}],"predecessor-version":[{"id":912,"href":"https:\/\/wilczyszaniec.stronywwwpomorze.pl\/en\/wp-json\/wp\/v2\/pages\/761\/revisions\/912"}],"wp:attachment":[{"href":"https:\/\/wilczyszaniec.stronywwwpomorze.pl\/en\/wp-json\/wp\/v2\/media?parent=761"}],"curies":[{"name":"wp","href":"https:\/\/api.w.org\/{rel}","templated":true}]}}